{"id":10318,"date":"2025-08-27T13:07:54","date_gmt":"2025-08-27T11:07:54","guid":{"rendered":"https:\/\/novag.heska.mp\/mentions-legales\/"},"modified":"2025-11-05T11:17:01","modified_gmt":"2025-11-05T10:17:01","slug":"mentions-legales","status":"publish","type":"page","link":"https:\/\/novagsas.com\/fr\/mentions-legales\/","title":{"rendered":"Mentions l\u00e9gales"},"content":{"rendered":"\t\t<div data-elementor-type=\"wp-page\" data-elementor-id=\"10318\" class=\"elementor elementor-10318 elementor-7693\" data-elementor-post-type=\"page\">\n\t\t\t\t<div class=\"elementor-element elementor-element-9691e63 pad-tb-m e-flex e-con-boxed e-con e-parent\" data-id=\"9691e63\" data-element_type=\"container\" data-e-type=\"container\" data-settings=\"{&quot;jet_parallax_layout_list&quot;:[]}\">\n\t\t\t\t\t<div class=\"e-con-inner\">\n\t\t\t\t<div class=\"elementor-element elementor-element-2b7233a elementor-widget__width-initial pad-b-s elementor-widget elementor-widget-heading\" data-id=\"2b7233a\" data-element_type=\"widget\" data-e-type=\"widget\" data-widget_type=\"heading.default\">\n\t\t\t\t<div class=\"elementor-widget-container\">\n\t\t\t\t\t<h2 class=\"elementor-heading-title elementor-size-default\">Mentions l\u00e9gales<\/h2>\t\t\t\t<\/div>\n\t\t\t\t<\/div>\n\t\t\t\t\t<\/div>\n\t\t\t\t<\/div>\n\t\t<div class=\"elementor-element elementor-element-3ef3291 e-flex e-con-boxed e-con e-parent\" data-id=\"3ef3291\" data-element_type=\"container\" data-e-type=\"container\" data-settings=\"{&quot;jet_parallax_layout_list&quot;:[]}\">\n\t\t\t\t\t<div class=\"e-con-inner\">\n\t\t\t\t<div class=\"elementor-element elementor-element-f7e5c43 elementor-widget elementor-widget-text-editor\" data-id=\"f7e5c43\" data-element_type=\"widget\" data-e-type=\"widget\" data-widget_type=\"text-editor.default\">\n\t\t\t\t<div class=\"elementor-widget-container\">\n\t\t\t\t\t\t\t\t\t<p>Nous avons soigneusement contr\u00f4l\u00e9 ce site Internet et nous nous effor\u00e7ons de l&rsquo;enrichir et de le mettre \u00e0 jour en permanence. Toutefois, nous ne pouvons \u00eatre tenus responsables des \u00e9ventuelles erreurs, omissions ou lacunes. <\/p><p><br><\/p>\n<h3><strong>Site de production et adresse d&rsquo;exp\u00e9dition<\/strong><\/h3>\n<p>SAS Agriculture Nouvelle G\u00e9n\u00e9ration<br>Zone d&rsquo;Activit\u00e9 de la Croix-Ganne<br>79370 Fressines - France<br>T\u00e9l : <a href=\"tel:+33%20549%20246%20543\">+33 549 246 543<\/a><br>E-mail : <a href=\"mailto:info@novagsas.com\">info@novagsas.com<\/a><br>Site web : <a href=\"http:\/\/www.novagsas.com\">www.novagsas.com<\/a><\/p>\n<p>\u00a9 Copyright S.A.S. Agriculture Nouvelle G\u00e9n\u00e9ration,<br><span data-teams=\"true\">85450 <\/span>Ste Rad\u00e9gonde des Noyers<\/p>\n<p>Publi\u00e9 par S.A.S. Agriculture Nouvelle G\u00e9n\u00e9ration<br><span data-teams=\"true\">La Pr\u00e9e Mizoti\u00e8re, 85450 Ste Rad\u00e9gonde des Noyers, France<\/span><\/p>\n<p>FR-T\u00e9l\u00e9phone : <a href=\"tel:+33549246543\">+33 5 49 24 65 43<\/a><br>DE-T\u00e9l\u00e9phone : <a href=\"tel:+49%201516%207248%20358\">+49 1516 7248 358<\/a><\/p>\n<p>Adresse \u00e9lectronique : <a href=\"mailto:info@novagsas.com\">info@novagsas.com<\/a><\/p>\n<h3>&nbsp;<\/h3>\n<h3><strong>La soci\u00e9t\u00e9 est enregistr\u00e9e au registre du commerce de<\/strong><\/h3>\n<p>La Roche sur Yon (85000 - France).<\/p>\n<p>Enregistrement SIRET# : <span data-teams=\"true\">942 533 951 00011<\/span><br>APE# <span data-teams=\"true\">2830Z<\/span><\/p>\n<p><span lang=\"FR\">Num\u00e9ro de TVA : <span data-teams=\"true\">FR 67942533951<\/span><\/span><\/p>\n<p>Pr\u00e9sident de la soci\u00e9t\u00e9<br>Jean-Paul Rault, Pr\u00e9sident<\/p>\n<p>Responsable du contenu<br>Ramzi Frikha, Technical Director<\/p><p><br><\/p>\n<h3><strong>Concept et design<\/strong><\/h3>\n<p>Heine Warnecke Design GmbH<br><a href=\"http:\/\/www.heinewarnecke.com\/\" target=\"_blank\" rel=\"noopener\">www.heinewarnecke.com<\/a><\/p>\n<h3>&nbsp;<\/h3>\n<h3><strong>Photographie<\/strong><\/h3>\n<p>Heine Warnecke Design GmbH<br><a href=\"http:\/\/www.heinewarnecke.com\/\" target=\"_blank\" rel=\"noopener\">www.heinewarnecke.com<\/a><\/p>\n<p>Euromediahouse Fotocentrum GmbH<br><a href=\"https:\/\/www.euromediahouse.de\/\" target=\"_blank\" rel=\"noopener\">www.euromediahouse.de<\/a><\/p>\n<p><a title=\"https:\/\/www.youtube.com\/@luxemburger_landwirtschaft\" href=\"https:\/\/www.youtube.com\/@luxemburger_landwirtschaft\" target=\"_blank\" rel=\"noreferrer noopener\" aria-label=\"Lien (95) Luxemburger Landwirtschaft - YouTube\">Agriculture luxembourgeoise<\/a><\/p>\n<p><span data-teams=\"true\">Jan Wagner \/ Brandmeister Photography \/ <\/span><a style=\"background-color: #ffffff;\" href=\"https:\/\/brandmeister-design.com\/eventfotograf-hamburg\">brandmeister-design.com\/eventfotograf-hamburg<\/a><\/p>\n<p><span data-teams=\"true\">Timo Schlichenmaier<\/span><\/p><p><span data-teams=\"true\"><br><\/span><\/p>\n<h3><strong>Programmation et mise en \u0153uvre technique<\/strong><\/h3>\n<p>Heskamp Medien<br><a href=\"https:\/\/heskamp-medien.de\/\" target=\"_blank\" rel=\"noopener\">www.heskamp-medien.de<\/a><\/p>\t\t\t\t\t\t\t\t<\/div>\n\t\t\t\t<\/div>\n\t\t\t\t\t<\/div>\n\t\t\t\t<\/div>\n\t\t\t\t<\/div>\n\t\t","protected":false},"excerpt":{"rendered":"<p>Mentions l\u00e9gales Nous avons soigneusement contr\u00f4l\u00e9 ce site Internet et nous nous effor\u00e7ons de l&rsquo;enrichir et de le mettre \u00e0 jour en permanence. Toutefois, nous ne pouvons \u00eatre tenus responsables des \u00e9ventuelles erreurs, omissions ou lacunes. Site de production et adresse d&rsquo;exp\u00e9dition SAS Agriculture Nouvelle G\u00e9n\u00e9rationZone d&rsquo;Activit\u00e9 de la Croix-Ganne79370 Fressines - FranceT\u00e9l : +33 [&hellip;]<\/p>\n","protected":false},"author":8,"featured_media":0,"parent":0,"menu_order":39,"comment_status":"closed","ping_status":"closed","template":"","meta":{"_acf_changed":false,"footnotes":""},"class_list":["post-10318","page","type-page","status-publish","hentry"],"acf":[],"yoast_head":"<!-- This site is optimized with the Yoast SEO plugin v27.0 - https:\/\/yoast.com\/product\/yoast-seo-wordpress\/ -->\n<title>Mentions l\u00e9gales - Novag<\/title>\n<meta name=\"robots\" content=\"index, follow, max-snippet:-1, max-image-preview:large, max-video-preview:-1\" \/>\n<link rel=\"canonical\" href=\"https:\/\/novagsas.com\/fr\/mentions-legales\/\" \/>\n<meta property=\"og:locale\" content=\"fr_FR\" \/>\n<meta property=\"og:type\" content=\"article\" \/>\n<meta property=\"og:title\" content=\"Mentions l\u00e9gales - Novag\" \/>\n<meta property=\"og:description\" content=\"Mentions l\u00e9gales Nous avons soigneusement contr\u00f4l\u00e9 ce site Internet et nous nous effor\u00e7ons de l&rsquo;enrichir et de le mettre \u00e0 jour en permanence. Toutefois, nous ne pouvons \u00eatre tenus responsables des \u00e9ventuelles erreurs, omissions ou lacunes. Site de production et adresse d&rsquo;exp\u00e9dition SAS Agriculture Nouvelle G\u00e9n\u00e9rationZone d&rsquo;Activit\u00e9 de la Croix-Ganne79370 Fressines - FranceT\u00e9l : +33 [&hellip;]\" \/>\n<meta property=\"og:url\" content=\"https:\/\/novagsas.com\/fr\/mentions-legales\/\" \/>\n<meta property=\"og:site_name\" content=\"Novag\" \/>\n<meta property=\"article:modified_time\" content=\"2025-11-05T10:17:01+00:00\" \/>\n<meta name=\"twitter:card\" content=\"summary_large_image\" \/>\n<meta name=\"twitter:label1\" content=\"Dur\u00e9e de lecture estim\u00e9e\" \/>\n\t<meta name=\"twitter:data1\" content=\"1 minute\" \/>\n<script type=\"application\/ld+json\" class=\"yoast-schema-graph\">{\"@context\":\"https:\/\/schema.org\",\"@graph\":[{\"@type\":\"WebPage\",\"@id\":\"https:\/\/novagsas.com\/fr\/mentions-legales\/\",\"url\":\"https:\/\/novagsas.com\/fr\/mentions-legales\/\",\"name\":\"Mentions l\u00e9gales - Novag\",\"isPartOf\":{\"@id\":\"https:\/\/novagsas.com\/fr\/#website\"},\"datePublished\":\"2025-08-27T11:07:54+00:00\",\"dateModified\":\"2025-11-05T10:17:01+00:00\",\"breadcrumb\":{\"@id\":\"https:\/\/novagsas.com\/fr\/mentions-legales\/#breadcrumb\"},\"inLanguage\":\"fr-FR\",\"potentialAction\":[{\"@type\":\"ReadAction\",\"target\":[\"https:\/\/novagsas.com\/fr\/mentions-legales\/\"]}]},{\"@type\":\"BreadcrumbList\",\"@id\":\"https:\/\/novagsas.com\/fr\/mentions-legales\/#breadcrumb\",\"itemListElement\":[{\"@type\":\"ListItem\",\"position\":1,\"name\":\"Startseite\",\"item\":\"https:\/\/novagsas.com\/fr\/\"},{\"@type\":\"ListItem\",\"position\":2,\"name\":\"Mentions l\u00e9gales\"}]},{\"@type\":\"WebSite\",\"@id\":\"https:\/\/novagsas.com\/fr\/#website\",\"url\":\"https:\/\/novagsas.com\/fr\/\",\"name\":\"Novag\",\"description\":\"\",\"publisher\":{\"@id\":\"https:\/\/novagsas.com\/fr\/#organization\"},\"potentialAction\":[{\"@type\":\"SearchAction\",\"target\":{\"@type\":\"EntryPoint\",\"urlTemplate\":\"https:\/\/novagsas.com\/fr\/?s={search_term_string}\"},\"query-input\":{\"@type\":\"PropertyValueSpecification\",\"valueRequired\":true,\"valueName\":\"search_term_string\"}}],\"inLanguage\":\"fr-FR\"},{\"@type\":\"Organization\",\"@id\":\"https:\/\/novagsas.com\/fr\/#organization\",\"name\":\"SAS Agriculture Nouvelle G\u00e9n\u00e9ration\",\"url\":\"https:\/\/novagsas.com\/fr\/\",\"logo\":{\"@type\":\"ImageObject\",\"inLanguage\":\"fr-FR\",\"@id\":\"https:\/\/novagsas.com\/fr\/#\/schema\/logo\/image\/\",\"url\":\"https:\/\/novagsas.com\/wp-content\/uploads\/2024\/04\/NOV_Logo-Tagline.png\",\"contentUrl\":\"https:\/\/novagsas.com\/wp-content\/uploads\/2024\/04\/NOV_Logo-Tagline.png\",\"width\":1920,\"height\":391,\"caption\":\"SAS Agriculture Nouvelle G\u00e9n\u00e9ration\"},\"image\":{\"@id\":\"https:\/\/novagsas.com\/fr\/#\/schema\/logo\/image\/\"}}]}<\/script>\n<!-- \/ Yoast SEO plugin. -->","yoast_head_json":{"title":"Mentions l\u00e9gales - Novag","robots":{"index":"index","follow":"follow","max-snippet":"max-snippet:-1","max-image-preview":"max-image-preview:large","max-video-preview":"max-video-preview:-1"},"canonical":"https:\/\/novagsas.com\/fr\/mentions-legales\/","og_locale":"fr_FR","og_type":"article","og_title":"Mentions l\u00e9gales - Novag","og_description":"Mentions l\u00e9gales Nous avons soigneusement contr\u00f4l\u00e9 ce site Internet et nous nous effor\u00e7ons de l&rsquo;enrichir et de le mettre \u00e0 jour en permanence. Toutefois, nous ne pouvons \u00eatre tenus responsables des \u00e9ventuelles erreurs, omissions ou lacunes. Site de production et adresse d&rsquo;exp\u00e9dition SAS Agriculture Nouvelle G\u00e9n\u00e9rationZone d&rsquo;Activit\u00e9 de la Croix-Ganne79370 Fressines - FranceT\u00e9l : +33 [&hellip;]","og_url":"https:\/\/novagsas.com\/fr\/mentions-legales\/","og_site_name":"Novag","article_modified_time":"2025-11-05T10:17:01+00:00","twitter_card":"summary_large_image","twitter_misc":{"Dur\u00e9e de lecture estim\u00e9e":"1 minute"},"schema":{"@context":"https:\/\/schema.org","@graph":[{"@type":"WebPage","@id":"https:\/\/novagsas.com\/fr\/mentions-legales\/","url":"https:\/\/novagsas.com\/fr\/mentions-legales\/","name":"Mentions l\u00e9gales - Novag","isPartOf":{"@id":"https:\/\/novagsas.com\/fr\/#website"},"datePublished":"2025-08-27T11:07:54+00:00","dateModified":"2025-11-05T10:17:01+00:00","breadcrumb":{"@id":"https:\/\/novagsas.com\/fr\/mentions-legales\/#breadcrumb"},"inLanguage":"fr-FR","potentialAction":[{"@type":"ReadAction","target":["https:\/\/novagsas.com\/fr\/mentions-legales\/"]}]},{"@type":"BreadcrumbList","@id":"https:\/\/novagsas.com\/fr\/mentions-legales\/#breadcrumb","itemListElement":[{"@type":"ListItem","position":1,"name":"Startseite","item":"https:\/\/novagsas.com\/fr\/"},{"@type":"ListItem","position":2,"name":"Mentions l\u00e9gales"}]},{"@type":"WebSite","@id":"https:\/\/novagsas.com\/fr\/#website","url":"https:\/\/novagsas.com\/fr\/","name":"Novag","description":"","publisher":{"@id":"https:\/\/novagsas.com\/fr\/#organization"},"potentialAction":[{"@type":"SearchAction","target":{"@type":"EntryPoint","urlTemplate":"https:\/\/novagsas.com\/fr\/?s={search_term_string}"},"query-input":{"@type":"PropertyValueSpecification","valueRequired":true,"valueName":"search_term_string"}}],"inLanguage":"fr-FR"},{"@type":"Organization","@id":"https:\/\/novagsas.com\/fr\/#organization","name":"SAS Agriculture Nouvelle G\u00e9n\u00e9ration","url":"https:\/\/novagsas.com\/fr\/","logo":{"@type":"ImageObject","inLanguage":"fr-FR","@id":"https:\/\/novagsas.com\/fr\/#\/schema\/logo\/image\/","url":"https:\/\/novagsas.com\/wp-content\/uploads\/2024\/04\/NOV_Logo-Tagline.png","contentUrl":"https:\/\/novagsas.com\/wp-content\/uploads\/2024\/04\/NOV_Logo-Tagline.png","width":1920,"height":391,"caption":"SAS Agriculture Nouvelle G\u00e9n\u00e9ration"},"image":{"@id":"https:\/\/novagsas.com\/fr\/#\/schema\/logo\/image\/"}}]}},"_links":{"self":[{"href":"https:\/\/novagsas.com\/fr\/wp-json\/wp\/v2\/pages\/10318","targetHints":{"allow":["GET"]}}],"collection":[{"href":"https:\/\/novagsas.com\/fr\/wp-json\/wp\/v2\/pages"}],"about":[{"href":"https:\/\/novagsas.com\/fr\/wp-json\/wp\/v2\/types\/page"}],"author":[{"embeddable":true,"href":"https:\/\/novagsas.com\/fr\/wp-json\/wp\/v2\/users\/8"}],"replies":[{"embeddable":true,"href":"https:\/\/novagsas.com\/fr\/wp-json\/wp\/v2\/comments?post=10318"}],"version-history":[{"count":4,"href":"https:\/\/novagsas.com\/fr\/wp-json\/wp\/v2\/pages\/10318\/revisions"}],"predecessor-version":[{"id":13227,"href":"https:\/\/novagsas.com\/fr\/wp-json\/wp\/v2\/pages\/10318\/revisions\/13227"}],"wp:attachment":[{"href":"https:\/\/novagsas.com\/fr\/wp-json\/wp\/v2\/media?parent=10318"}],"curies":[{"name":"wp","href":"https:\/\/api.w.org\/{rel}","templated":true}]}}