{"id":10321,"date":"2025-08-27T13:07:54","date_gmt":"2025-08-27T11:07:54","guid":{"rendered":"https:\/\/novag.heska.mp\/imprint\/"},"modified":"2025-11-05T11:17:01","modified_gmt":"2025-11-05T10:17:01","slug":"imprint","status":"publish","type":"page","link":"https:\/\/novagsas.com\/en\/imprint\/","title":{"rendered":"Imprint"},"content":{"rendered":"\t\t<div data-elementor-type=\"wp-page\" data-elementor-id=\"10321\" class=\"elementor elementor-10321 elementor-7693\" data-elementor-post-type=\"page\">\n\t\t\t\t<div class=\"elementor-element elementor-element-9691e63 pad-tb-m e-flex e-con-boxed e-con e-parent\" data-id=\"9691e63\" data-element_type=\"container\" data-e-type=\"container\" data-settings=\"{&quot;jet_parallax_layout_list&quot;:[]}\">\n\t\t\t\t\t<div class=\"e-con-inner\">\n\t\t\t\t<div class=\"elementor-element elementor-element-2b7233a elementor-widget__width-initial pad-b-s elementor-widget elementor-widget-heading\" data-id=\"2b7233a\" data-element_type=\"widget\" data-e-type=\"widget\" data-widget_type=\"heading.default\">\n\t\t\t\t<div class=\"elementor-widget-container\">\n\t\t\t\t\t<h2 class=\"elementor-heading-title elementor-size-default\">Imprint<\/h2>\t\t\t\t<\/div>\n\t\t\t\t<\/div>\n\t\t\t\t\t<\/div>\n\t\t\t\t<\/div>\n\t\t<div class=\"elementor-element elementor-element-3ef3291 e-flex e-con-boxed e-con e-parent\" data-id=\"3ef3291\" data-element_type=\"container\" data-e-type=\"container\" data-settings=\"{&quot;jet_parallax_layout_list&quot;:[]}\">\n\t\t\t\t\t<div class=\"e-con-inner\">\n\t\t\t\t<div class=\"elementor-element elementor-element-f7e5c43 elementor-widget elementor-widget-text-editor\" data-id=\"f7e5c43\" data-element_type=\"widget\" data-e-type=\"widget\" data-widget_type=\"text-editor.default\">\n\t\t\t\t<div class=\"elementor-widget-container\">\n\t\t\t\t\t\t\t\t\t<p>We have carefully checked this website and endeavor to continually expand and update it. However, we cannot accept any liability for any errors, omissions or incompleteness. <\/p><p><br><\/p>\n<h3><strong>Production site and shipping address<\/strong><\/h3>\n<p>SAS Agriculture Nouvelle G\u00e9n\u00e9ration<br>Zone d&#8217;Activit\u00e9 de la Croix-Ganne<br>79370 Fressines &#8211; France<br>Tel: <a href=\"tel:+33%20549%20246%20543\">+33 549 246 543<\/a><br>E-mail: <a href=\"mailto:info@novagsas.com\">info@novagsas.com<\/a><br>Website: <a href=\"http:\/\/www.novagsas.com\">www.novagsas.com<\/a><\/p>\n<p>\u00a9 Copyright S.A.S. Agriculture Nouvelle G\u00e9neration,<br><span data-teams=\"true\">85450 <\/span>Ste Rad\u00e9gonde des Noyers<\/p>\n<p>Published by S.A.S. Agriculture Nouvelle G\u00e9neration<br><span data-teams=\"true\">La Pr\u00e9e Mizoti\u00e8re, 85450 Ste Rad\u00e9gonde des Noyers, France<\/span><\/p>\n<p>FR-T\u00e9l\u00e9phone: <a href=\"tel:+33549246543\">+33 5 49 24 65 43<\/a><br>DE-Telephone: <a href=\"tel:+49%201516%207248%20358\">+49 1516 7248 358<\/a><\/p>\n<p>Email address: <a href=\"mailto:info@novagsas.com\">info@novagsas.com<\/a><\/p>\n<h3>&nbsp;<\/h3>\n<h3><strong>The company is registered in the commercial register of<\/strong><\/h3>\n<p>La Roche sur Yon (85000 &#8211; France).<\/p>\n<p>Registration SIRET# : <span data-teams=\"true\">942 533 951 00011<\/span><br>APE# <span data-teams=\"true\">2830Z<\/span><\/p>\n<p><span lang=\"FR\">VAT ID number: <span data-teams=\"true\">FR 67942533951<\/span><\/span><\/p>\n<p>Chairman of the company<br>Jean-Paul Rault, President<\/p>\n<p>Responsible for the content<br>Ramzi Frikha, Technical Director<\/p><p><br><\/p>\n<h3><strong>Concept and design<\/strong><\/h3>\n<p>Heine Warnecke Design GmbH<br><a href=\"http:\/\/www.heinewarnecke.com\/\" target=\"_blank\" rel=\"noopener\">www.heinewarnecke.com<\/a><\/p>\n<h3>&nbsp;<\/h3>\n<h3><strong>Photography<\/strong><\/h3>\n<p>Heine Warnecke Design GmbH<br><a href=\"http:\/\/www.heinewarnecke.com\/\" target=\"_blank\" rel=\"noopener\">www.heinewarnecke.com<\/a><\/p>\n<p>Euromediahouse Fotocentrum GmbH<br><a href=\"https:\/\/www.euromediahouse.de\/\" target=\"_blank\" rel=\"noopener\">www.euromediahouse.de<\/a><\/p>\n<p><a title=\"https:\/\/www.youtube.com\/@luxemburger_landwirtschaft\" href=\"https:\/\/www.youtube.com\/@luxemburger_landwirtschaft\" target=\"_blank\" rel=\"noreferrer noopener\" aria-label=\"Lien (95) Luxemburger Landwirtschaft - YouTube\">Luxembourg agriculture<\/a><\/p>\n<p><span data-teams=\"true\">Jan Wagner \/ Brandmeister Photography \/ <\/span><a style=\"background-color: #ffffff;\" href=\"https:\/\/brandmeister-design.com\/eventfotograf-hamburg\">brandmeister-design.com\/eventfotograf-hamburg<\/a><\/p>\n<p><span data-teams=\"true\">Timo Schlichenmaier<\/span><\/p><p><span data-teams=\"true\"><br><\/span><\/p>\n<h3><strong>Programming and technical implementation<\/strong><\/h3>\n<p>Heskamp Media<br><a href=\"https:\/\/heskamp-medien.de\/\" target=\"_blank\" rel=\"noopener\">www.heskamp-medien.de<\/a><\/p>\t\t\t\t\t\t\t\t<\/div>\n\t\t\t\t<\/div>\n\t\t\t\t\t<\/div>\n\t\t\t\t<\/div>\n\t\t\t\t<\/div>\n\t\t","protected":false},"excerpt":{"rendered":"<p>Imprint We have carefully checked this website and endeavor to continually expand and update it. However, we cannot accept any liability for any errors, omissions or incompleteness. Production site and shipping address SAS Agriculture Nouvelle G\u00e9n\u00e9rationZone d&#8217;Activit\u00e9 de la Croix-Ganne79370 Fressines &#8211; FranceTel: +33 549 246 543E-mail: info@novagsas.comWebsite: www.novagsas.com \u00a9 Copyright S.A.S. Agriculture Nouvelle G\u00e9neration,85450 [&hellip;]<\/p>\n","protected":false},"author":8,"featured_media":0,"parent":0,"menu_order":39,"comment_status":"closed","ping_status":"closed","template":"","meta":{"_acf_changed":false,"footnotes":""},"class_list":["post-10321","page","type-page","status-publish","hentry"],"acf":[],"yoast_head":"<!-- This site is optimized with the Yoast SEO plugin v27.0 - https:\/\/yoast.com\/product\/yoast-seo-wordpress\/ -->\n<title>Imprint - Novag<\/title>\n<meta name=\"robots\" content=\"index, follow, max-snippet:-1, max-image-preview:large, max-video-preview:-1\" \/>\n<link rel=\"canonical\" href=\"https:\/\/novagsas.com\/en\/imprint\/\" \/>\n<meta property=\"og:locale\" content=\"en_US\" \/>\n<meta property=\"og:type\" content=\"article\" \/>\n<meta property=\"og:title\" content=\"Imprint - Novag\" \/>\n<meta property=\"og:description\" content=\"Imprint We have carefully checked this website and endeavor to continually expand and update it. However, we cannot accept any liability for any errors, omissions or incompleteness. Production site and shipping address SAS Agriculture Nouvelle G\u00e9n\u00e9rationZone d&#8217;Activit\u00e9 de la Croix-Ganne79370 Fressines &#8211; FranceTel: +33 549 246 543E-mail: info@novagsas.comWebsite: www.novagsas.com \u00a9 Copyright S.A.S. Agriculture Nouvelle G\u00e9neration,85450 [&hellip;]\" \/>\n<meta property=\"og:url\" content=\"https:\/\/novagsas.com\/en\/imprint\/\" \/>\n<meta property=\"og:site_name\" content=\"Novag\" \/>\n<meta property=\"article:modified_time\" content=\"2025-11-05T10:17:01+00:00\" \/>\n<meta name=\"twitter:card\" content=\"summary_large_image\" \/>\n<meta name=\"twitter:label1\" content=\"Est. reading time\" \/>\n\t<meta name=\"twitter:data1\" content=\"1 minute\" \/>\n<script type=\"application\/ld+json\" class=\"yoast-schema-graph\">{\"@context\":\"https:\/\/schema.org\",\"@graph\":[{\"@type\":\"WebPage\",\"@id\":\"https:\/\/novagsas.com\/en\/imprint\/\",\"url\":\"https:\/\/novagsas.com\/en\/imprint\/\",\"name\":\"Imprint - Novag\",\"isPartOf\":{\"@id\":\"https:\/\/novagsas.com\/en\/#website\"},\"datePublished\":\"2025-08-27T11:07:54+00:00\",\"dateModified\":\"2025-11-05T10:17:01+00:00\",\"breadcrumb\":{\"@id\":\"https:\/\/novagsas.com\/en\/imprint\/#breadcrumb\"},\"inLanguage\":\"en-US\",\"potentialAction\":[{\"@type\":\"ReadAction\",\"target\":[\"https:\/\/novagsas.com\/en\/imprint\/\"]}]},{\"@type\":\"BreadcrumbList\",\"@id\":\"https:\/\/novagsas.com\/en\/imprint\/#breadcrumb\",\"itemListElement\":[{\"@type\":\"ListItem\",\"position\":1,\"name\":\"Startseite\",\"item\":\"https:\/\/novagsas.com\/en\/\"},{\"@type\":\"ListItem\",\"position\":2,\"name\":\"Imprint\"}]},{\"@type\":\"WebSite\",\"@id\":\"https:\/\/novagsas.com\/en\/#website\",\"url\":\"https:\/\/novagsas.com\/en\/\",\"name\":\"Novag\",\"description\":\"\",\"publisher\":{\"@id\":\"https:\/\/novagsas.com\/en\/#organization\"},\"potentialAction\":[{\"@type\":\"SearchAction\",\"target\":{\"@type\":\"EntryPoint\",\"urlTemplate\":\"https:\/\/novagsas.com\/en\/?s={search_term_string}\"},\"query-input\":{\"@type\":\"PropertyValueSpecification\",\"valueRequired\":true,\"valueName\":\"search_term_string\"}}],\"inLanguage\":\"en-US\"},{\"@type\":\"Organization\",\"@id\":\"https:\/\/novagsas.com\/en\/#organization\",\"name\":\"SAS Agriculture Nouvelle G\u00e9n\u00e9ration\",\"url\":\"https:\/\/novagsas.com\/en\/\",\"logo\":{\"@type\":\"ImageObject\",\"inLanguage\":\"en-US\",\"@id\":\"https:\/\/novagsas.com\/en\/#\/schema\/logo\/image\/\",\"url\":\"https:\/\/novagsas.com\/wp-content\/uploads\/2024\/04\/NOV_Logo-Tagline.png\",\"contentUrl\":\"https:\/\/novagsas.com\/wp-content\/uploads\/2024\/04\/NOV_Logo-Tagline.png\",\"width\":1920,\"height\":391,\"caption\":\"SAS Agriculture Nouvelle G\u00e9n\u00e9ration\"},\"image\":{\"@id\":\"https:\/\/novagsas.com\/en\/#\/schema\/logo\/image\/\"}}]}<\/script>\n<!-- \/ Yoast SEO plugin. -->","yoast_head_json":{"title":"Imprint - Novag","robots":{"index":"index","follow":"follow","max-snippet":"max-snippet:-1","max-image-preview":"max-image-preview:large","max-video-preview":"max-video-preview:-1"},"canonical":"https:\/\/novagsas.com\/en\/imprint\/","og_locale":"en_US","og_type":"article","og_title":"Imprint - Novag","og_description":"Imprint We have carefully checked this website and endeavor to continually expand and update it. However, we cannot accept any liability for any errors, omissions or incompleteness. Production site and shipping address SAS Agriculture Nouvelle G\u00e9n\u00e9rationZone d&#8217;Activit\u00e9 de la Croix-Ganne79370 Fressines &#8211; FranceTel: +33 549 246 543E-mail: info@novagsas.comWebsite: www.novagsas.com \u00a9 Copyright S.A.S. Agriculture Nouvelle G\u00e9neration,85450 [&hellip;]","og_url":"https:\/\/novagsas.com\/en\/imprint\/","og_site_name":"Novag","article_modified_time":"2025-11-05T10:17:01+00:00","twitter_card":"summary_large_image","twitter_misc":{"Est. reading time":"1 minute"},"schema":{"@context":"https:\/\/schema.org","@graph":[{"@type":"WebPage","@id":"https:\/\/novagsas.com\/en\/imprint\/","url":"https:\/\/novagsas.com\/en\/imprint\/","name":"Imprint - Novag","isPartOf":{"@id":"https:\/\/novagsas.com\/en\/#website"},"datePublished":"2025-08-27T11:07:54+00:00","dateModified":"2025-11-05T10:17:01+00:00","breadcrumb":{"@id":"https:\/\/novagsas.com\/en\/imprint\/#breadcrumb"},"inLanguage":"en-US","potentialAction":[{"@type":"ReadAction","target":["https:\/\/novagsas.com\/en\/imprint\/"]}]},{"@type":"BreadcrumbList","@id":"https:\/\/novagsas.com\/en\/imprint\/#breadcrumb","itemListElement":[{"@type":"ListItem","position":1,"name":"Startseite","item":"https:\/\/novagsas.com\/en\/"},{"@type":"ListItem","position":2,"name":"Imprint"}]},{"@type":"WebSite","@id":"https:\/\/novagsas.com\/en\/#website","url":"https:\/\/novagsas.com\/en\/","name":"Novag","description":"","publisher":{"@id":"https:\/\/novagsas.com\/en\/#organization"},"potentialAction":[{"@type":"SearchAction","target":{"@type":"EntryPoint","urlTemplate":"https:\/\/novagsas.com\/en\/?s={search_term_string}"},"query-input":{"@type":"PropertyValueSpecification","valueRequired":true,"valueName":"search_term_string"}}],"inLanguage":"en-US"},{"@type":"Organization","@id":"https:\/\/novagsas.com\/en\/#organization","name":"SAS Agriculture Nouvelle G\u00e9n\u00e9ration","url":"https:\/\/novagsas.com\/en\/","logo":{"@type":"ImageObject","inLanguage":"en-US","@id":"https:\/\/novagsas.com\/en\/#\/schema\/logo\/image\/","url":"https:\/\/novagsas.com\/wp-content\/uploads\/2024\/04\/NOV_Logo-Tagline.png","contentUrl":"https:\/\/novagsas.com\/wp-content\/uploads\/2024\/04\/NOV_Logo-Tagline.png","width":1920,"height":391,"caption":"SAS Agriculture Nouvelle G\u00e9n\u00e9ration"},"image":{"@id":"https:\/\/novagsas.com\/en\/#\/schema\/logo\/image\/"}}]}},"_links":{"self":[{"href":"https:\/\/novagsas.com\/en\/wp-json\/wp\/v2\/pages\/10321","targetHints":{"allow":["GET"]}}],"collection":[{"href":"https:\/\/novagsas.com\/en\/wp-json\/wp\/v2\/pages"}],"about":[{"href":"https:\/\/novagsas.com\/en\/wp-json\/wp\/v2\/types\/page"}],"author":[{"embeddable":true,"href":"https:\/\/novagsas.com\/en\/wp-json\/wp\/v2\/users\/8"}],"replies":[{"embeddable":true,"href":"https:\/\/novagsas.com\/en\/wp-json\/wp\/v2\/comments?post=10321"}],"version-history":[{"count":4,"href":"https:\/\/novagsas.com\/en\/wp-json\/wp\/v2\/pages\/10321\/revisions"}],"predecessor-version":[{"id":13228,"href":"https:\/\/novagsas.com\/en\/wp-json\/wp\/v2\/pages\/10321\/revisions\/13228"}],"wp:attachment":[{"href":"https:\/\/novagsas.com\/en\/wp-json\/wp\/v2\/media?parent=10321"}],"curies":[{"name":"wp","href":"https:\/\/api.w.org\/{rel}","templated":true}]}}